{"id":35,"date":"2023-04-18T14:27:39","date_gmt":"2023-04-18T06:27:39","guid":{"rendered":"https:\/\/wp.qhdl.cn\/?page_id=35"},"modified":"2025-03-19T17:40:27","modified_gmt":"2025-03-19T09:40:27","slug":"uber-uns","status":"publish","type":"page","link":"https:\/\/fanyielectrical.com\/de\/uber-uns\/","title":{"rendered":"\u00dcber uns"},"content":{"rendered":"<section class=\"l-section wpb_row pageHeaders height_medium color_secondary with_img\"><div class=\"l-section-img\" data-img-width=\"1920\" data-img-height=\"400\" style=\"background-image: url(https:\/\/fanyielectrical.com\/wp-content\/uploads\/2024\/04\/bg-8.jpg);background-repeat: no-repeat;\"><\/div><div class=\"l-section-overlay\" style=\"background:rgba(0,0,0,0.15)\"><\/div><div class=\"l-section-h i-cf\"><div class=\"g-cols vc_row via_grid cols_1 laptops-cols_inherit tablets-cols_1 mobiles-cols_1 valign_top type_default reversed stacking_default\" style=\"grid-gap:0rem;\"><div class=\"wpb_column vc_column_container us_custom_fd43344c\"><div class=\"vc_column-inner\"><ol class=\"g-breadcrumbs us_custom_6df4bc3a has_text_color separator_icon align_none\" itemscope itemtype=\"http:\/\/schema.org\/BreadcrumbList\"><li class=\"g-breadcrumbs-item\" itemscope itemprop=\"itemListElement\" itemtype=\"http:\/\/schema.org\/ListItem\"><a itemprop=\"item\" href=\"https:\/\/fanyielectrical.com\/de\/\"><span itemprop=\"name\">Start<\/span><\/a><meta itemprop=\"position\" content=\"1\"\/><\/li><li class=\"g-breadcrumbs-separator\"><i class=\"far fa-angle-right\"><\/i><\/li><li class=\"g-breadcrumbs-item\">Seiten<\/li><\/ol><div class=\"w-separator size_custom\" style=\"height:10px\"><\/div><h1 class=\"w-post-elm post_title us_custom_7afbc5df align_left entry-title color_link_inherit\">\u00dcber uns<\/h1><div class=\"wpb_text_column us_custom_c5787b44\"><div class=\"wpb_wrapper\"><p>Mehr als 10 Jahre Berufserfahrung in der Produktion von elektrischen Industrieprodukten.<\/p>\n<\/div><\/div><div class=\"w-separator size_custom\" style=\"height:10px\"><\/div><\/div><\/div><\/div><\/div><\/section><section class=\"l-section wpb_row us_custom_19737bc8 height_large\"><div class=\"l-section-h i-cf\"><div class=\"g-cols vc_row via_grid cols_2 laptops-cols_inherit tablets-cols_inherit mobiles-cols_1 valign_middle type_default stacking_default\" style=\"grid-gap:2rem;\"><div class=\"wpb_column vc_column_container us_custom_7e20fa79 us_animate_this\"><div class=\"vc_column-inner\"><div class=\"w-image align_none\"><div class=\"w-image-h\"><img loading=\"lazy\" decoding=\"async\" width=\"800\" height=\"533\" src=\"https:\/\/fanyielectrical.com\/wp-content\/uploads\/2025\/03\/about-3.jpg\" class=\"attachment-large size-large\" alt=\"\" srcset=\"https:\/\/fanyielectrical.com\/wp-content\/uploads\/2025\/03\/about-3.jpg 800w, https:\/\/fanyielectrical.com\/wp-content\/uploads\/2025\/03\/about-3-150x100.jpg 150w, https:\/\/fanyielectrical.com\/wp-content\/uploads\/2025\/03\/about-3-18x12.jpg 18w\" sizes=\"auto, (max-width: 800px) 100vw, 800px\" \/><\/div><\/div><\/div><\/div><div class=\"wpb_column vc_column_container us_custom_47474b22 us_animate_this\"><div class=\"vc_column-inner\"><h6 class=\"w-text us_custom_a574d586 has_text_color\"><span class=\"w-text-h\"><span class=\"w-text-value\">Fanyi Elektrisch<\/span><\/span><\/h6><h2 class=\"w-text us_custom_8d984259\"><span class=\"w-text-h\"><span class=\"w-text-value\">\u00dcBER FANYI<\/span><\/span><\/h2><div class=\"wpb_text_column\"><div class=\"wpb_wrapper\"><p>Yueqing Fanyi Electrical Appliance Co., Ltd. ist ein Unternehmen, das sich auf die Herstellung und Verarbeitung von britischen Verteilerdosen und anderen elektrischen Produkten spezialisiert hat und \u00fcber ein vollst\u00e4ndiges und wissenschaftliches Qualit\u00e4tsmanagementsystem verf\u00fcgt. Yueqing Fanyi Electric Appliance Co., Ltd. Integrit\u00e4t, St\u00e4rke und Produktqualit\u00e4t von der Industrie anerkannt.<br \/>Angesichts der Herausforderungen der wirtschaftlichen Globalisierung, des Wissens und der Informatisierung hat sich das Unternehmen immer an die Gesch\u00e4ftspolitik \u201c\u00dcberleben durch Qualit\u00e4t, Entwicklung durch Wissenschaft und Technologie\u201d gehalten, mit dem Ziel, den Kunden intelligente und digitale High-End-Produkte anzubieten, und h\u00e4lt sich an den Gesch\u00e4ftszweck \u201calles f\u00fcr den Benutzerservice\u201d. Wir werden weiterhin an der Unternehmenspolitik und dem Unternehmenszweck festhalten und uns allm\u00e4hlich zu einem Hightech-Unternehmen entwickeln, das sich auf intelligente Stromverteilungsprodukte st\u00fctzt, um vielen Nutzern einen besseren Service zu bieten.<br \/>Wir hei\u00dfen Menschen aus allen Gesellschaftsschichten herzlich willkommen, sich beraten zu lassen und gemeinsam mit uns an einer besseren Zukunft zu arbeiten!<\/p>\n<\/div><\/div><div class=\"w-separator size_small\"><\/div><div class=\"w-btn-wrapper align_none\"><a class=\"w-btn us-btn-style_9\" href=\"\/de\/kontakt\/\"><span class=\"w-btn-label\">kontaktieren Sie uns<\/span><\/a><\/div><\/div><\/div><\/div><\/div><\/section><section class=\"l-section wpb_row us_custom_6a7dfe9b has_text_color height_large\"><div class=\"l-section-h i-cf\"><div class=\"g-cols vc_row via_grid cols_1 laptops-cols_inherit tablets-cols_inherit mobiles-cols_1 valign_top type_default stacking_default\" style=\"grid-gap:0rem;\"><div class=\"wpb_column vc_column_container us_custom_66564936\"><div class=\"vc_column-inner\"><div class=\"g-cols wpb_row us_custom_f3f68ac4 via_grid cols_1 laptops-cols_inherit tablets-cols_inherit mobiles-cols_1 valign_top type_default stacking_default\" style=\"grid-gap:1.5rem;\"><div class=\"wpb_column vc_column_container\"><div class=\"vc_column-inner\"><div class=\"w-grid us_custom_47474b22 img-big us_animate_this type_carousel layout_gallery_default cols_4 valign_center\" id=\"us_grid_1\" style=\"--gap:1rem;\"><style>.layout_gallery_default .w-grid-item-h{}<\/style><div class=\"w-grid-list owl-carousel navstyle_circle navpos_outside\">\t<article class=\"w-grid-item post-22153 attachment type-attachment status-inherit hentry\" data-id=\"22153\">\r\n\t\t<div class=\"w-grid-item-h\">\r\n\t\t\t\t\t\t<div class=\"w-post-elm post_image usg_post_image_1 stretched\"><img loading=\"lazy\" decoding=\"async\" width=\"800\" height=\"533\" src=\"https:\/\/fanyielectrical.com\/wp-content\/uploads\/2025\/03\/about-1-1.jpg\" class=\"attachment-full size-full\" alt=\"\" srcset=\"https:\/\/fanyielectrical.com\/wp-content\/uploads\/2025\/03\/about-1-1.jpg 800w, https:\/\/fanyielectrical.com\/wp-content\/uploads\/2025\/03\/about-1-1-150x100.jpg 150w, https:\/\/fanyielectrical.com\/wp-content\/uploads\/2025\/03\/about-1-1-18x12.jpg 18w\" sizes=\"auto, (max-width: 800px) 100vw, 800px\" \/><\/div>\t\t<\/div>\r\n\t<\/article>\r\n\t<article class=\"w-grid-item post-22155 attachment type-attachment status-inherit hentry\" data-id=\"22155\">\r\n\t\t<div class=\"w-grid-item-h\">\r\n\t\t\t\t\t\t<div class=\"w-post-elm post_image usg_post_image_1 stretched\"><img loading=\"lazy\" decoding=\"async\" width=\"800\" height=\"533\" src=\"https:\/\/fanyielectrical.com\/wp-content\/uploads\/2025\/03\/about-3-1.jpg\" class=\"attachment-full size-full\" alt=\"\" srcset=\"https:\/\/fanyielectrical.com\/wp-content\/uploads\/2025\/03\/about-3-1.jpg 800w, https:\/\/fanyielectrical.com\/wp-content\/uploads\/2025\/03\/about-3-1-150x100.jpg 150w, https:\/\/fanyielectrical.com\/wp-content\/uploads\/2025\/03\/about-3-1-18x12.jpg 18w\" sizes=\"auto, (max-width: 800px) 100vw, 800px\" \/><\/div>\t\t<\/div>\r\n\t<\/article>\r\n\t<article class=\"w-grid-item post-22154 attachment type-attachment status-inherit hentry\" data-id=\"22154\">\r\n\t\t<div class=\"w-grid-item-h\">\r\n\t\t\t\t\t\t<div class=\"w-post-elm post_image usg_post_image_1 stretched\"><img loading=\"lazy\" decoding=\"async\" width=\"800\" height=\"533\" src=\"https:\/\/fanyielectrical.com\/wp-content\/uploads\/2025\/03\/about-2-1.jpg\" class=\"attachment-full size-full\" alt=\"\" srcset=\"https:\/\/fanyielectrical.com\/wp-content\/uploads\/2025\/03\/about-2-1.jpg 800w, https:\/\/fanyielectrical.com\/wp-content\/uploads\/2025\/03\/about-2-1-150x100.jpg 150w, https:\/\/fanyielectrical.com\/wp-content\/uploads\/2025\/03\/about-2-1-18x12.jpg 18w\" sizes=\"auto, (max-width: 800px) 100vw, 800px\" \/><\/div>\t\t<\/div>\r\n\t<\/article>\r\n\t<article class=\"w-grid-item post-22159 attachment type-attachment status-inherit hentry\" data-id=\"22159\">\r\n\t\t<div class=\"w-grid-item-h\">\r\n\t\t\t\t\t\t<div class=\"w-post-elm post_image usg_post_image_1 stretched\"><img loading=\"lazy\" decoding=\"async\" width=\"800\" height=\"533\" src=\"https:\/\/fanyielectrical.com\/wp-content\/uploads\/2024\/04\/custom-service.jpg\" class=\"attachment-full size-full\" alt=\"\" srcset=\"https:\/\/fanyielectrical.com\/wp-content\/uploads\/2024\/04\/custom-service.jpg 800w, https:\/\/fanyielectrical.com\/wp-content\/uploads\/2024\/04\/custom-service-150x100.jpg 150w, https:\/\/fanyielectrical.com\/wp-content\/uploads\/2024\/04\/custom-service-18x12.jpg 18w\" sizes=\"auto, (max-width: 800px) 100vw, 800px\" \/><\/div>\t\t<\/div>\r\n\t<\/article>\r\n\t<article class=\"w-grid-item post-22212 attachment type-attachment status-inherit hentry\" data-id=\"22212\">\r\n\t\t<div class=\"w-grid-item-h\">\r\n\t\t\t\t\t\t<div class=\"w-post-elm post_image usg_post_image_1 stretched\"><img loading=\"lazy\" decoding=\"async\" width=\"800\" height=\"533\" src=\"https:\/\/fanyielectrical.com\/wp-content\/uploads\/2025\/03\/about-.jpg\" class=\"attachment-full size-full\" alt=\"\" srcset=\"https:\/\/fanyielectrical.com\/wp-content\/uploads\/2025\/03\/about-.jpg 800w, https:\/\/fanyielectrical.com\/wp-content\/uploads\/2025\/03\/about--150x100.jpg 150w, https:\/\/fanyielectrical.com\/wp-content\/uploads\/2025\/03\/about--18x12.jpg 18w\" sizes=\"auto, (max-width: 800px) 100vw, 800px\" \/><\/div>\t\t<\/div>\r\n\t<\/article>\r\n<\/div><div class=\"g-preloader type_1\">\r\n\t<div><\/div>\r\n<\/div>\r\n\t<div class=\"w-grid-json hidden\" onclick='return {&quot;action&quot;:&quot;us_ajax_grid&quot;,&quot;ajax_url&quot;:&quot;https:\\\/\\\/fanyielectrical.com\\\/wp-admin\\\/admin-ajax.php&quot;,&quot;infinite_scroll&quot;:0,&quot;max_num_pages&quot;:1,&quot;pagination&quot;:&quot;none&quot;,&quot;permalink_url&quot;:&quot;https:\\\/\\\/fanyielectrical.com\\\/de\\\/wp-json\\\/wp\\\/v2\\\/pages\\\/35&quot;,&quot;template_vars&quot;:{&quot;columns&quot;:&quot;4&quot;,&quot;exclude_items&quot;:&quot;none&quot;,&quot;img_size&quot;:&quot;full&quot;,&quot;ignore_items_size&quot;:&quot;1&quot;,&quot;items_layout&quot;:&quot;gallery_default&quot;,&quot;items_offset&quot;:&quot;1&quot;,&quot;load_animation&quot;:&quot;none&quot;,&quot;overriding_link&quot;:&quot;none&quot;,&quot;post_id&quot;:0,&quot;query_args&quot;:{&quot;post_type&quot;:[&quot;attachment&quot;],&quot;post__in&quot;:[&quot;22153&quot;,&quot;22155&quot;,&quot;22154&quot;,&quot;22159&quot;,&quot;22212&quot;],&quot;post_status&quot;:&quot;inherit&quot;,&quot;post_mime_type&quot;:&quot;image&quot;,&quot;posts_per_page&quot;:&quot;17&quot;},&quot;orderby_query_args&quot;:{&quot;orderby&quot;:{&quot;post__in&quot;:&quot;ASC&quot;},&quot;order&quot;:&quot;ASC&quot;},&quot;type&quot;:&quot;carousel&quot;,&quot;us_grid_ajax_index&quot;:1,&quot;us_grid_filter_params&quot;:null,&quot;us_grid_index&quot;:1,&quot;_us_grid_post_type&quot;:&quot;attachment&quot;,&quot;page_args&quot;:[]},&quot;carousel_settings&quot;:{&quot;autoHeight&quot;:0,&quot;autoplay&quot;:1,&quot;carousel_fade&quot;:0,&quot;center&quot;:0,&quot;dots&quot;:0,&quot;items&quot;:&quot;4&quot;,&quot;loop&quot;:true,&quot;nav&quot;:0,&quot;slideby&quot;:&quot;1&quot;,&quot;smooth_play&quot;:0,&quot;speed&quot;:250,&quot;timeout&quot;:2000,&quot;transition&quot;:&quot;&quot;,&quot;aria_labels&quot;:{&quot;prev&quot;:&quot;Zur\\u00fcck&quot;,&quot;next&quot;:&quot;Weiter&quot;}},&quot;carousel_breakpoints&quot;:{&quot;0&quot;:{&quot;autoHeight&quot;:0,&quot;autoplay&quot;:1,&quot;autoplayHoverPause&quot;:1,&quot;items&quot;:1,&quot;loop&quot;:true,&quot;stagePadding&quot;:0},&quot;601&quot;:{&quot;autoHeight&quot;:0,&quot;autoplay&quot;:1,&quot;autoplayHoverPause&quot;:1,&quot;items&quot;:2,&quot;loop&quot;:true,&quot;stagePadding&quot;:0},&quot;1025&quot;:{&quot;autoHeight&quot;:0,&quot;autoplay&quot;:1,&quot;autoplayHoverPause&quot;:1,&quot;items&quot;:3,&quot;loop&quot;:true,&quot;stagePadding&quot;:0},&quot;1281&quot;:{&quot;items&quot;:4,&quot;stagePadding&quot;:0}}}'><\/div>\r\n\t<\/div><\/div><\/div><\/div><\/div><\/div><\/div><\/div><\/section><section class=\"l-section wpb_row us_custom_0d15be52 height_large color_primary with_img parallax_fixed\"><div class=\"l-section-img\" data-img-width=\"1920\" data-img-height=\"1000\" style=\"background-image: url(https:\/\/fanyielectrical.com\/wp-content\/uploads\/2025\/03\/bg.jpg);background-repeat: no-repeat;\"><\/div><div class=\"l-section-overlay\" style=\"background:rgba(0,0,0,0.20)\"><\/div><div class=\"l-section-h i-cf\"><div class=\"g-cols vc_row via_grid cols_1 laptops-cols_inherit tablets-cols_inherit mobiles-cols_1 valign_top type_default stacking_default\"><div class=\"wpb_column vc_column_container us_custom_47474b22 us_animate_this\"><div class=\"vc_column-inner\"><div class=\"g-cols wpb_row us_custom_4b4d5862 via_grid cols_4 laptops-cols_3 tablets-cols_2 mobiles-cols_1 valign_top type_default stacking_default\" style=\"grid-gap:4rem;\"><div class=\"wpb_column vc_column_container us_custom_1f5f827b has_bg_color\"><div class=\"vc_column-inner\"><div class=\"w-hwrapper align_center valign_middle\" style=\"--hwrapper-gap:2rem\"><div class=\"w-iconbox iconpos_top style_default color_primary align_center no_title no_text icontype_img\"><div class=\"w-iconbox-icon\" style=\"font-size:6rem;\"><img loading=\"lazy\" decoding=\"async\" width=\"78\" height=\"78\" src=\"https:\/\/fanyielectrical.com\/wp-content\/uploads\/2024\/07\/1.png\" class=\"attachment-full size-full\" alt=\"\" \/><\/div><div class=\"w-iconbox-meta\"><\/div><\/div><div class=\"w-counter us_custom_af23a6bc color_text align_left has_font_size\" data-duration=\"2\"><div class=\"w-counter-value\"><span class=\"w-counter-value-part type_text\" data-final=\"\"><\/span><span class=\"w-counter-value-part type_number\" data-final=\"20\">0<\/span><span class=\"w-counter-value-part type_text\" data-final=\"+\">+<\/span><\/div><p class=\"w-counter-title\" style=\"font-weight:400;margin-top:0.8rem;\">Stanzausr\u00fcstung<\/p><\/div><\/div><\/div><\/div><div class=\"wpb_column vc_column_container us_custom_1f5f827b has_bg_color\"><div class=\"vc_column-inner\"><div class=\"w-hwrapper tiao align_center valign_middle\" style=\"--hwrapper-gap:2rem\"><div class=\"w-iconbox iconpos_top style_default color_primary align_center no_title no_text icontype_img\"><div class=\"w-iconbox-icon\" style=\"font-size:5rem;\"><img loading=\"lazy\" decoding=\"async\" width=\"78\" height=\"78\" src=\"https:\/\/fanyielectrical.com\/wp-content\/uploads\/2024\/07\/2.png\" class=\"attachment-full size-full\" alt=\"\" \/><\/div><div class=\"w-iconbox-meta\"><\/div><\/div><div class=\"w-counter us_custom_af23a6bc color_text align_left has_font_size\" data-duration=\"2\"><div class=\"w-counter-value\"><span class=\"w-counter-value-part type_text\" data-final=\"\"><\/span><span class=\"w-counter-value-part type_number\" data-final=\"15\">0<\/span><span class=\"w-counter-value-part type_text\" data-final=\"+\">+<\/span><\/div><p class=\"w-counter-title\" style=\"font-weight:400;margin-top:0.8rem;\">Automatische Linie<\/p><\/div><\/div><\/div><\/div><div class=\"wpb_column vc_column_container us_custom_1f5f827b has_bg_color\"><div class=\"vc_column-inner\"><div class=\"w-hwrapper tiao align_center valign_middle\" style=\"--hwrapper-gap:2rem\"><div class=\"w-iconbox iconpos_top style_default color_primary align_center no_title no_text icontype_img\"><div class=\"w-iconbox-icon\" style=\"font-size:6rem;\"><img loading=\"lazy\" decoding=\"async\" width=\"78\" height=\"78\" src=\"https:\/\/fanyielectrical.com\/wp-content\/uploads\/2024\/07\/3.png\" class=\"attachment-full size-full\" alt=\"\" \/><\/div><div class=\"w-iconbox-meta\"><\/div><\/div><div class=\"w-counter us_custom_af23a6bc color_text align_left has_font_size\" data-duration=\"2\"><div class=\"w-counter-value\"><span class=\"w-counter-value-part type_text\" data-final=\"\"><\/span><span class=\"w-counter-value-part type_number\" data-final=\"100\">0<\/span><span class=\"w-counter-value-part type_text\" data-final=\"+\">+<\/span><\/div><p class=\"w-counter-title\" style=\"font-weight:400;margin-top:0.8rem;\">Mitarbeiter<\/p><\/div><\/div><\/div><\/div><div class=\"wpb_column vc_column_container us_custom_1f5f827b has_bg_color\"><div class=\"vc_column-inner\"><div class=\"w-hwrapper tiao align_center valign_middle\" style=\"--hwrapper-gap:2rem\"><div class=\"w-iconbox iconpos_top style_default color_primary align_center no_title no_text icontype_img\"><div class=\"w-iconbox-icon\" style=\"font-size:6rem;\"><img loading=\"lazy\" decoding=\"async\" width=\"78\" height=\"78\" src=\"https:\/\/fanyielectrical.com\/wp-content\/uploads\/2024\/07\/4.png\" class=\"attachment-full size-full\" alt=\"\" \/><\/div><div class=\"w-iconbox-meta\"><\/div><\/div><div class=\"w-counter us_custom_af23a6bc color_text align_left has_font_size\" data-duration=\"2\"><div class=\"w-counter-value\"><span class=\"w-counter-value-part type_text\" data-final=\"\"><\/span><span class=\"w-counter-value-part type_number\" data-final=\"10\">0<\/span><span class=\"w-counter-value-part type_text\" data-final=\"+\">+<\/span><\/div><p class=\"w-counter-title\" style=\"font-weight:400;margin-top:0.8rem;\">Erfahrung in der Industrie<\/p><\/div><\/div><\/div><\/div><\/div><\/div><\/div><\/div><\/div><\/section><section class=\"l-section wpb_row us_custom_ae99f6aa has_text_color height_large with_img parallax_fixed\" id=\"third\"><div class=\"l-section-img\" data-img-width=\"1920\" data-img-height=\"1000\" style=\"background-image: url(https:\/\/fanyielectrical.com\/wp-content\/uploads\/2025\/03\/why.jpg);\"><\/div><div class=\"l-section-overlay\" style=\"background:rgba(245,245,245,0.43)\"><\/div><div class=\"l-section-h i-cf\"><div class=\"g-cols vc_row via_grid cols_1 laptops-cols_inherit tablets-cols_inherit mobiles-cols_1 valign_top type_default stacking_default\"><div class=\"wpb_column vc_column_container\"><div class=\"vc_column-inner\"><h6 class=\"w-text us_custom_9846696c has_text_color us_animate_this\"><span class=\"w-text-h\"><span class=\"w-text-value\">Unsere Vorteile<\/span><\/span><\/h6><h2 class=\"w-text us_custom_5df0f2ee us_animate_this\"><span class=\"w-text-h\"><span class=\"w-text-value\">WARUM FANYI W\u00c4HLEN<\/span><\/span><\/h2><div class=\"w-separator size_small\"><\/div><div class=\"g-cols wpb_row us_custom_47474b22 us_animate_this via_grid cols_2 laptops-cols_inherit tablets-cols_2 mobiles-cols_1 valign_top type_default stacking_default\" style=\"grid-gap:2rem;\"><div class=\"wpb_column vc_column_container us_custom_61ade155 tiao has_bg_color\"><div class=\"vc_column-inner\"><div class=\"w-iconbox iconpos_top style_default color_primary align_left\"><div class=\"w-iconbox-icon\" style=\"font-size:3rem;\"><i class=\"fas fa-wrench\"><\/i><\/div><div class=\"w-iconbox-meta\"><h2 class=\"w-iconbox-title\" style=\"font-size:1.5rem;\">Erfahrung in der Industrie<\/h2><div class=\"w-iconbox-text\"><p>Mehr als 10 Jahre Berufserfahrung in der Produktion von elektrischen Industrieprodukten.<\/p>\n<\/div><\/div><\/div><\/div><\/div><div class=\"wpb_column vc_column_container us_custom_e0801bc5 tiao has_bg_color\"><div class=\"vc_column-inner\"><div class=\"w-iconbox iconpos_top style_default color_primary align_left\"><div class=\"w-iconbox-icon\" style=\"font-size:3rem;\"><i class=\"fas fa-box\"><\/i><\/div><div class=\"w-iconbox-meta\"><h2 class=\"w-iconbox-title\" style=\"font-size:1.5rem;\">Kundenspezifisches Produkt<\/h2><div class=\"w-iconbox-text\"><p>Mit unseren eigenen starken Produktions- und Designteams k\u00f6nnen wir ma\u00dfgeschneiderte Dienstleistungen f\u00fcr die Produkte anbieten, die unsere Kunden ben\u00f6tigen.<\/p>\n<\/div><\/div><\/div><\/div><\/div><div class=\"wpb_column vc_column_container us_custom_61ade155 tiao has_bg_color\"><div class=\"vc_column-inner\"><div class=\"w-iconbox iconpos_top style_default color_primary align_left\"><div class=\"w-iconbox-icon\" style=\"font-size:3rem;\"><i class=\"fas fa-th-large\"><\/i><\/div><div class=\"w-iconbox-meta\"><h2 class=\"w-iconbox-title\" style=\"font-size:1.5rem;\">Hochwertiges Produkt<\/h2><div class=\"w-iconbox-text\"><p>Geringe Produkttoleranz.<\/p>\n<\/div><\/div><\/div><\/div><\/div><div class=\"wpb_column vc_column_container us_custom_61ade155 tiao has_bg_color\"><div class=\"vc_column-inner\"><div class=\"w-iconbox iconpos_top style_default color_primary align_left\"><div class=\"w-iconbox-icon\" style=\"font-size:3rem;\"><i class=\"fas fa-truck\"><\/i><\/div><div class=\"w-iconbox-meta\"><h2 class=\"w-iconbox-title\" style=\"font-size:1.5rem;\">P\u00fcnktliche Lieferung<\/h2><div class=\"w-iconbox-text\"><p>Ausreichender Vorrat an Materialien.<\/p>\n<\/div><\/div><\/div><\/div><\/div><\/div><\/div><\/div><\/div><\/div><\/section>","protected":false},"excerpt":{"rendered":"","protected":false},"author":11,"featured_media":0,"parent":0,"menu_order":22,"comment_status":"closed","ping_status":"closed","template":"","meta":{"footnotes":""},"class_list":["post-35","page","type-page","status-publish","hentry"],"acf":[],"yoast_head":"<!-- This site is optimized with the Yoast SEO plugin v26.8 - https:\/\/yoast.com\/product\/yoast-seo-wordpress\/ -->\n<title>About Us - Yueqing Fanyi Electrical Appliance Co., Ltd.<\/title>\n<meta name=\"robots\" content=\"index, follow, max-snippet:-1, max-image-preview:large, max-video-preview:-1\" \/>\n<link rel=\"canonical\" href=\"https:\/\/fanyielectrical.com\/de\/uber-uns\/\" \/>\n<meta property=\"og:locale\" content=\"de_DE\" \/>\n<meta property=\"og:type\" content=\"article\" \/>\n<meta property=\"og:title\" content=\"About Us - Yueqing Fanyi Electrical Appliance Co., Ltd.\" \/>\n<meta property=\"og:url\" content=\"https:\/\/fanyielectrical.com\/de\/uber-uns\/\" \/>\n<meta property=\"og:site_name\" content=\"Yueqing Fanyi Electrical Appliance Co., Ltd.\" \/>\n<meta property=\"article:modified_time\" content=\"2025-03-19T09:40:27+00:00\" \/>\n<meta name=\"twitter:card\" content=\"summary_large_image\" \/>\n<meta name=\"twitter:label1\" content=\"Gesch\u00e4tzte Lesezeit\" \/>\n\t<meta name=\"twitter:data1\" content=\"8\u00a0Minuten\" \/>\n<script type=\"application\/ld+json\" class=\"yoast-schema-graph\">{\"@context\":\"https:\/\/schema.org\",\"@graph\":[{\"@type\":\"WebPage\",\"@id\":\"https:\/\/fanyielectrical.com\/de\/uber-uns\/\",\"url\":\"https:\/\/fanyielectrical.com\/de\/uber-uns\/\",\"name\":\"About Us - Yueqing Fanyi Electrical Appliance Co., Ltd.\",\"isPartOf\":{\"@id\":\"https:\/\/fanyielectrical.com\/de\/#website\"},\"datePublished\":\"2023-04-18T06:27:39+00:00\",\"dateModified\":\"2025-03-19T09:40:27+00:00\",\"breadcrumb\":{\"@id\":\"https:\/\/fanyielectrical.com\/de\/uber-uns\/#breadcrumb\"},\"inLanguage\":\"de\",\"potentialAction\":[{\"@type\":\"ReadAction\",\"target\":[\"https:\/\/fanyielectrical.com\/de\/uber-uns\/\"]}]},{\"@type\":\"BreadcrumbList\",\"@id\":\"https:\/\/fanyielectrical.com\/de\/uber-uns\/#breadcrumb\",\"itemListElement\":[{\"@type\":\"ListItem\",\"position\":1,\"name\":\"Home\",\"item\":\"https:\/\/fanyielectrical.com\/\"},{\"@type\":\"ListItem\",\"position\":2,\"name\":\"About Us\"}]},{\"@type\":\"WebSite\",\"@id\":\"https:\/\/fanyielectrical.com\/de\/#website\",\"url\":\"https:\/\/fanyielectrical.com\/de\/\",\"name\":\"Yueqing Fanyi Electrical Appliance Co., Ltd.\",\"description\":\"Yueqing Fanyi Electrical Appliance Co., Ltd.\",\"potentialAction\":[{\"@type\":\"SearchAction\",\"target\":{\"@type\":\"EntryPoint\",\"urlTemplate\":\"https:\/\/fanyielectrical.com\/de\/?s={search_term_string}\"},\"query-input\":{\"@type\":\"PropertyValueSpecification\",\"valueRequired\":true,\"valueName\":\"search_term_string\"}}],\"inLanguage\":\"de\"}]}<\/script>\n<!-- \/ Yoast SEO plugin. -->","yoast_head_json":{"title":"\u00dcber uns - Yueqing Fanyi Electrical Appliance Co, Ltd.","robots":{"index":"index","follow":"follow","max-snippet":"max-snippet:-1","max-image-preview":"max-image-preview:large","max-video-preview":"max-video-preview:-1"},"canonical":"https:\/\/fanyielectrical.com\/de\/uber-uns\/","og_locale":"de_DE","og_type":"article","og_title":"About Us - Yueqing Fanyi Electrical Appliance Co., Ltd.","og_url":"https:\/\/fanyielectrical.com\/de\/uber-uns\/","og_site_name":"Yueqing Fanyi Electrical Appliance Co., Ltd.","article_modified_time":"2025-03-19T09:40:27+00:00","twitter_card":"summary_large_image","twitter_misc":{"Gesch\u00e4tzte Lesezeit":"8\u00a0Minuten"},"schema":{"@context":"https:\/\/schema.org","@graph":[{"@type":"WebPage","@id":"https:\/\/fanyielectrical.com\/de\/uber-uns\/","url":"https:\/\/fanyielectrical.com\/de\/uber-uns\/","name":"\u00dcber uns - Yueqing Fanyi Electrical Appliance Co, Ltd.","isPartOf":{"@id":"https:\/\/fanyielectrical.com\/de\/#website"},"datePublished":"2023-04-18T06:27:39+00:00","dateModified":"2025-03-19T09:40:27+00:00","breadcrumb":{"@id":"https:\/\/fanyielectrical.com\/de\/uber-uns\/#breadcrumb"},"inLanguage":"de","potentialAction":[{"@type":"ReadAction","target":["https:\/\/fanyielectrical.com\/de\/uber-uns\/"]}]},{"@type":"BreadcrumbList","@id":"https:\/\/fanyielectrical.com\/de\/uber-uns\/#breadcrumb","itemListElement":[{"@type":"ListItem","position":1,"name":"Home","item":"https:\/\/fanyielectrical.com\/"},{"@type":"ListItem","position":2,"name":"About Us"}]},{"@type":"WebSite","@id":"https:\/\/fanyielectrical.com\/de\/#website","url":"https:\/\/fanyielectrical.com\/de\/","name":"Yueqing Fanyi Electrical Appliance Co, Ltd.","description":"Yueqing Fanyi Electrical Appliance Co, Ltd.","potentialAction":[{"@type":"SearchAction","target":{"@type":"EntryPoint","urlTemplate":"https:\/\/fanyielectrical.com\/de\/?s={search_term_string}"},"query-input":{"@type":"PropertyValueSpecification","valueRequired":true,"valueName":"search_term_string"}}],"inLanguage":"de"}]}},"_links":{"self":[{"href":"https:\/\/fanyielectrical.com\/de\/wp-json\/wp\/v2\/pages\/35","targetHints":{"allow":["GET"]}}],"collection":[{"href":"https:\/\/fanyielectrical.com\/de\/wp-json\/wp\/v2\/pages"}],"about":[{"href":"https:\/\/fanyielectrical.com\/de\/wp-json\/wp\/v2\/types\/page"}],"author":[{"embeddable":true,"href":"https:\/\/fanyielectrical.com\/de\/wp-json\/wp\/v2\/users\/11"}],"replies":[{"embeddable":true,"href":"https:\/\/fanyielectrical.com\/de\/wp-json\/wp\/v2\/comments?post=35"}],"version-history":[{"count":70,"href":"https:\/\/fanyielectrical.com\/de\/wp-json\/wp\/v2\/pages\/35\/revisions"}],"predecessor-version":[{"id":22227,"href":"https:\/\/fanyielectrical.com\/de\/wp-json\/wp\/v2\/pages\/35\/revisions\/22227"}],"wp:attachment":[{"href":"https:\/\/fanyielectrical.com\/de\/wp-json\/wp\/v2\/media?parent=35"}],"curies":[{"name":"wp","href":"https:\/\/api.w.org\/{rel}","templated":true}]}}