{"id":18224,"date":"2023-11-24T09:41:17","date_gmt":"2023-11-24T01:41:17","guid":{"rendered":"http:\/\/car.linkerr.cn\/?page_id=18224"},"modified":"2025-03-19T17:00:41","modified_gmt":"2025-03-19T09:00:41","slug":"servico-2","status":"publish","type":"page","link":"https:\/\/fanyielectrical.com\/pt\/servico-2\/","title":{"rendered":"Servi\u00e7o personalizado"},"content":{"rendered":"<section class=\"l-section wpb_row pageHeaders height_medium color_secondary with_img\"><div class=\"l-section-img\" data-img-width=\"1920\" data-img-height=\"400\" style=\"background-image: url(https:\/\/fanyielectrical.com\/wp-content\/uploads\/2024\/04\/bg-8.jpg);background-repeat: no-repeat;\"><\/div><div class=\"l-section-overlay\" style=\"background:rgba(0,0,0,0.15)\"><\/div><div class=\"l-section-h i-cf\"><div class=\"g-cols vc_row via_grid cols_1 laptops-cols_inherit tablets-cols_1 mobiles-cols_1 valign_top type_default reversed stacking_default\" style=\"grid-gap:0rem;\"><div class=\"wpb_column vc_column_container us_custom_fd43344c\"><div class=\"vc_column-inner\"><ol class=\"g-breadcrumbs us_custom_6df4bc3a has_text_color separator_icon align_none\" itemscope itemtype=\"http:\/\/schema.org\/BreadcrumbList\"><li class=\"g-breadcrumbs-item\" itemscope itemprop=\"itemListElement\" itemtype=\"http:\/\/schema.org\/ListItem\"><a itemprop=\"item\" href=\"https:\/\/fanyielectrical.com\/pt\/\"><span itemprop=\"name\">In\u00edcio<\/span><\/a><meta itemprop=\"position\" content=\"1\"\/><\/li><li class=\"g-breadcrumbs-separator\"><i class=\"far fa-angle-right\"><\/i><\/li><li class=\"g-breadcrumbs-item\">P\u00e1ginas<\/li><\/ol><div class=\"w-separator size_custom\" style=\"height:10px\"><\/div><h1 class=\"w-post-elm post_title us_custom_7afbc5df align_left entry-title color_link_inherit\">Servi\u00e7o personalizado<\/h1><div class=\"w-separator size_custom\" style=\"height:10px\"><\/div><div class=\"wpb_text_column us_custom_c5787b44\"><div class=\"wpb_wrapper\"><p>Com fortes capacidades t\u00e9cnicas de I&amp;D, tecnologia madura e equipamento de produ\u00e7\u00e3o avan\u00e7ado, a Fanyi Electrical destaca-se entre os seus concorrentes.<\/p>\n<\/div><\/div><\/div><\/div><\/div><\/div><\/section><section class=\"l-section wpb_row us_custom_eac59c77 height_large\"><div class=\"l-section-h i-cf\"><div class=\"g-cols vc_row via_grid cols_2 laptops-cols_inherit tablets-cols_inherit mobiles-cols_1 valign_middle type_default stacking_default\" style=\"grid-gap:4rem;\"><div class=\"wpb_column vc_column_container sizeBigImg\"><div class=\"vc_column-inner\"><div class=\"w-slider style_none fit_scaledown\"><div class=\"w-slider-h\"><div class=\"royalSlider\"><div class=\"rsContent\"><a class=\"rsImg\" data-rsw=\"800\" data-rsh=\"533\" href=\"https:\/\/fanyielectrical.com\/wp-content\/uploads\/2024\/04\/custom-service.jpg\"><span data-alt=\"\"><\/span><\/a><\/div><\/div><img decoding=\"async\" src=\"https:\/\/fanyielectrical.com\/wp-content\/uploads\/2024\/04\/custom-service.jpg\" width=\"800\" height=\"533\" alt loading=\"lazy\"><\/div><div class=\"w-slider-json\" onclick='return {&quot;autoScaleSlider&quot;:true,&quot;loop&quot;:true,&quot;fadeInLoadedSlide&quot;:false,&quot;slidesSpacing&quot;:0,&quot;imageScalePadding&quot;:0,&quot;numImagesToPreload&quot;:2,&quot;arrowsNav&quot;:true,&quot;arrowsNavAutoHide&quot;:false,&quot;transitionType&quot;:&quot;move&quot;,&quot;transitionSpeed&quot;:250,&quot;block&quot;:{&quot;moveEffect&quot;:&quot;none&quot;,&quot;speed&quot;:300},&quot;thumbs&quot;:{&quot;fitInViewport&quot;:false},&quot;controlNavigation&quot;:&quot;none&quot;,&quot;imageScaleMode&quot;:&quot;fit-if-smaller&quot;,&quot;autoScaleSliderWidth&quot;:800,&quot;autoScaleSliderHeight&quot;:533}'><\/div><\/div><\/div><\/div><div class=\"wpb_column vc_column_container\"><div class=\"vc_column-inner\"><h2 class=\"w-text us_custom_f2eec366\"><span class=\"w-text-h\"><span class=\"w-text-value\">Servi\u00e7o personalizado<\/span><\/span><\/h2><div class=\"w-separator us_custom_6b717f40 size_small\"><\/div><div class=\"wpb_text_column\"><div class=\"wpb_wrapper\"><p>Podemos fornecer servi\u00e7os personalizados de acordo com as necessidades dos clientes, incluindo a personaliza\u00e7\u00e3o da embalagem do produto, a personaliza\u00e7\u00e3o do log\u00f3tipo interno do produto e alguns servi\u00e7os de personaliza\u00e7\u00e3o de acess\u00f3rios:<\/p>\n<ul>\n<li>Log\u00f3tipo<\/li>\n<li>Embalagem<\/li>\n<li>Todos os acess\u00f3rios<\/li>\n<\/ul>\n<\/div><\/div><div class=\"w-separator size_small\"><\/div><div class=\"w-btn-wrapper align_none\"><a class=\"w-btn us-btn-style_9\" href=\"\/pt\/contacto\/\"><span class=\"w-btn-label\">Obter uma solu\u00e7\u00e3o!<\/span><\/a><\/div><\/div><\/div><\/div><\/div><\/section><section class=\"l-section wpb_row height_large with_img parallax_fixed\"><div class=\"l-section-img\" data-img-width=\"1920\" data-img-height=\"1000\" style=\"background-image: url(https:\/\/fanyielectrical.com\/wp-content\/uploads\/2025\/03\/bg.jpg);\"><\/div><div class=\"l-section-overlay\" style=\"background:rgba(0,0,0,0.30)\"><\/div><div class=\"l-section-h i-cf\"><div class=\"g-cols vc_row via_grid cols_3-2 laptops-cols_inherit tablets-cols_inherit mobiles-cols_1 valign_middle type_default stacking_default\"><div class=\"wpb_column vc_column_container\"><div class=\"vc_column-inner\"><h4 class=\"w-text us_custom_8b3d6790 has_text_color\"><span class=\"w-text-h\"><span class=\"w-text-value\">QUALQUER COISA QUE N\u00c3O CONSEGUISTE ENCONTRAR\uff1f<\/span><\/span><\/h4><h2 class=\"w-text us_custom_8b3d6790 has_text_color\"><span class=\"w-text-h\"><span class=\"w-text-value\">Fale com os nossos comerciais<\/span><\/span><\/h2><div class=\"wpb_text_column us_custom_8b3d6790 ulBlock has_text_color\"><div class=\"wpb_wrapper\"><p>A Fanyi centra-se no mercado global e fornece aos seus clientes produtos adequados ao mercado local:<\/p>\n<ul>\n<li>Personalizado de acordo com o seu desenho<\/li>\n<li>Qualidade ISO9001<\/li>\n<li>Excelentes capacidades de I&amp;D<\/li>\n<li>OEM&amp;ODM<\/li>\n<li>Equipamento avan\u00e7ado<\/li>\n<li>Excelente equipa de servi\u00e7o p\u00f3s-venda<\/li>\n<\/ul>\n<\/div><\/div><div class=\"w-separator size_medium\"><\/div><div class=\"wpb_text_column us_custom_8b3d6790 has_text_color\"><div class=\"wpb_wrapper\"><h4 class=\"text-uppercase text-2 font-weight-bold mb-0 text-color-light opacity-7\">ENVIAR-NOS UMA MENSAGEM DE CORREIO ELECTR\u00d3NICO<\/h4>\n<p><span style=\"color: #ffffff;\"><a style=\"color: #ffffff;\" href=\"mailto:fyjsjxh001@163.com\">fyjsjxh001@163.com<\/a><\/span><\/p>\n<\/div><\/div><\/div><\/div><div class=\"wpb_column vc_column_container whiteText\"><div class=\"vc_column-inner\"><div class=\"wpb_text_column us_custom_8b3d6790 has_text_color\"><div class=\"wpb_wrapper\"><h3>Contactar-nos<\/h3>\n<\/div><\/div><div class=\"w-separator size_small\"><\/div><div class=\"wpb_text_column us_custom_6df4bc3a has_text_color\"><div class=\"wpb_wrapper\"><p>Contacte-nos para saber mais sobre a sua solu\u00e7\u00e3o de aparelhos.<\/p>\n<\/div><\/div><div class=\"w-separator size_small\"><\/div>\n<div class=\"wpcf7 no-js\" id=\"wpcf7-f20335-o1\" lang=\"en-US\" dir=\"ltr\" data-wpcf7-id=\"20335\">\n<div class=\"screen-reader-response\"><p role=\"status\" aria-live=\"polite\" aria-atomic=\"true\"><\/p> <ul><\/ul><\/div>\n<form action=\"\/pt\/wp-json\/wp\/v2\/pages\/18224#wpcf7-f20335-o1\" method=\"post\" class=\"wpcf7-form init\" aria-label=\"Formul\u00e1rio de contacto\" novalidate=\"novalidate\" data-status=\"init\" data-trp-original-action=\"\/pt\/wp-json\/wp\/v2\/pages\/18224#wpcf7-f20335-o1\">\n<fieldset class=\"hidden-fields-container\"><input type=\"hidden\" name=\"_wpcf7\" value=\"20335\" \/><input type=\"hidden\" name=\"_wpcf7_version\" value=\"6.1.4\" \/><input type=\"hidden\" name=\"_wpcf7_locale\" value=\"en_US\" \/><input type=\"hidden\" name=\"_wpcf7_unit_tag\" value=\"wpcf7-f20335-o1\" \/><input type=\"hidden\" name=\"_wpcf7_container_post\" value=\"0\" \/><input type=\"hidden\" name=\"_wpcf7_posted_data_hash\" value=\"\" \/><input type=\"hidden\" name=\"_wpcf7dtx_version\" value=\"5.0.5\" \/>\n<\/fieldset>\n<div class=\"outer\">\n\t<div class=\"inner\">\n\t\t<p><span class=\"wpcf7-form-control-wrap\" data-name=\"your-name\"><input size=\"40\" maxlength=\"400\" class=\"wpcf7-form-control wpcf7-text wpcf7-validates-as-required\" aria-required=\"true\" aria-invalid=\"false\" placeholder=\"O seu nome*\" value=\"\" type=\"text\" name=\"your-name\" \/><\/span>\n\t\t<\/p>\n\t<\/div>\n\t<div class=\"inner\">\n\t\t<p><span class=\"wpcf7-form-control-wrap\" data-name=\"your-email\"><input size=\"40\" maxlength=\"400\" class=\"wpcf7-form-control wpcf7-email wpcf7-validates-as-required wpcf7-text wpcf7-validates-as-email\" aria-required=\"true\" aria-invalid=\"false\" placeholder=\"Endere\u00e7o de correio eletr\u00f3nico*\" value=\"\" type=\"email\" name=\"your-email\" \/><\/span>\n\t\t<\/p>\n\t<\/div>\n<\/div>\n<div class=\"outer\">\n\t<div class=\"inner\">\n\t\t<p><span class=\"wpcf7-form-control-wrap\" data-name=\"your-tel\"><input size=\"40\" maxlength=\"400\" class=\"wpcf7-form-control wpcf7-tel wpcf7-validates-as-required wpcf7-text wpcf7-validates-as-tel\" aria-required=\"true\" aria-invalid=\"false\" placeholder=\"O seu telem\u00f3vel*\" value=\"\" type=\"tel\" name=\"your-tel\" \/><\/span>\n\t\t<\/p>\n\t<\/div>\n\t<div class=\"inner\">\n\t\t<p><span class=\"wpcf7-form-control-wrap\" data-name=\"your-country\"><input size=\"40\" maxlength=\"400\" class=\"wpcf7-form-control wpcf7-text wpcf7-validates-as-required\" aria-required=\"true\" aria-invalid=\"false\" placeholder=\"Pa\u00eds ou regi\u00e3o*\" value=\"\" type=\"text\" name=\"your-country\" \/><\/span>\n\t\t<\/p>\n\t<\/div>\n<\/div>\n<div>\n\t<p><span class=\"wpcf7-form-control-wrap\" data-name=\"your-message\"><textarea cols=\"40\" rows=\"10\" maxlength=\"2000\" class=\"wpcf7-form-control wpcf7-textarea wpcf7-validates-as-required\" aria-required=\"true\" aria-invalid=\"false\" placeholder=\"Indique-nos a sua necessidade de forma t\u00e3o espec\u00edfica quanto poss\u00edvel*\" name=\"your-message\"><\/textarea><\/span>\n\t<\/p>\n<\/div>\n<div style=\"display:none\">\n<span class=\"wpcf7-form-control-wrap your-url\" data-name=\"your-url\"><input type=\"hidden\" name=\"your-url\" class=\"wpcf7-form-control wpcf7-hidden wpcf7dtx wpcf7dtx-hidden\" aria-invalid=\"false\" value=\"https:\/\/fanyielectrical.com\/pt\/pt\/wp-json\/wp\/v2\/pages\/18224\"><\/span>\n<\/div>\n<div class=\"form-button\">\n\t<p><input class=\"wpcf7-form-control wpcf7-submit has-spinner\" type=\"submit\" value=\"Enviar mensagem\" \/>\n\t<\/p>\n<\/div><div class=\"wpcf7-response-output\" aria-hidden=\"true\"><\/div>\n<input type=\"hidden\" name=\"trp-form-language\" value=\"pt\"\/><\/form>\n<\/div>\n<\/div><\/div><\/div><\/div><\/section>","protected":false},"excerpt":{"rendered":"In\u00edcioP\u00e1ginasServi\u00e7o personalizadoCom fortes capacidades t\u00e9cnicas de P&amp;D, tecnologia madura e equipamentos avan\u00e7ados de produ\u00e7\u00e3o, a Fanyi Electrical se destaca entre os colegas. Servi\u00e7o personalizadoPodemos fornecer servi\u00e7os personalizados de acordo com as necessidades dos clientes, incluindo a personaliza\u00e7\u00e3o da embalagem do produto, personaliza\u00e7\u00e3o do logotipo interno do produto e alguns servi\u00e7os de personaliza\u00e7\u00e3o de acess\u00f3rios: Pacote de logotipo Todos os acess\u00f3rios Obter uma solu\u00e7\u00e3o !QUALQUER COISA...","protected":false},"author":11,"featured_media":0,"parent":0,"menu_order":0,"comment_status":"closed","ping_status":"closed","template":"","meta":{"footnotes":""},"class_list":["post-18224","page","type-page","status-publish","hentry"],"acf":[],"yoast_head":"<!-- This site is optimized with the Yoast SEO plugin v26.8 - https:\/\/yoast.com\/product\/yoast-seo-wordpress\/ -->\n<title>Custom Service - Yueqing Fanyi Electrical Appliance Co., Ltd.<\/title>\n<meta name=\"robots\" content=\"index, follow, max-snippet:-1, max-image-preview:large, max-video-preview:-1\" \/>\n<link rel=\"canonical\" href=\"https:\/\/fanyielectrical.com\/pt\/servico-2\/\" \/>\n<meta property=\"og:locale\" content=\"pt_PT\" \/>\n<meta property=\"og:type\" content=\"article\" \/>\n<meta property=\"og:title\" content=\"Custom Service - Yueqing Fanyi Electrical Appliance Co., Ltd.\" \/>\n<meta property=\"og:url\" content=\"https:\/\/fanyielectrical.com\/pt\/servico-2\/\" \/>\n<meta property=\"og:site_name\" content=\"Yueqing Fanyi Electrical Appliance Co., Ltd.\" \/>\n<meta property=\"article:modified_time\" content=\"2025-03-19T09:00:41+00:00\" \/>\n<meta name=\"twitter:card\" content=\"summary_large_image\" \/>\n<meta name=\"twitter:label1\" content=\"Tempo estimado de leitura\" \/>\n\t<meta name=\"twitter:data1\" content=\"3 minutos\" \/>\n<script type=\"application\/ld+json\" class=\"yoast-schema-graph\">{\"@context\":\"https:\/\/schema.org\",\"@graph\":[{\"@type\":\"WebPage\",\"@id\":\"https:\/\/fanyielectrical.com\/pt\/servico-2\/\",\"url\":\"https:\/\/fanyielectrical.com\/pt\/servico-2\/\",\"name\":\"Custom Service - Yueqing Fanyi Electrical Appliance Co., Ltd.\",\"isPartOf\":{\"@id\":\"https:\/\/fanyielectrical.com\/pt\/#website\"},\"datePublished\":\"2023-11-24T01:41:17+00:00\",\"dateModified\":\"2025-03-19T09:00:41+00:00\",\"breadcrumb\":{\"@id\":\"https:\/\/fanyielectrical.com\/pt\/servico-2\/#breadcrumb\"},\"inLanguage\":\"pt-PT\",\"potentialAction\":[{\"@type\":\"ReadAction\",\"target\":[\"https:\/\/fanyielectrical.com\/pt\/servico-2\/\"]}]},{\"@type\":\"BreadcrumbList\",\"@id\":\"https:\/\/fanyielectrical.com\/pt\/servico-2\/#breadcrumb\",\"itemListElement\":[{\"@type\":\"ListItem\",\"position\":1,\"name\":\"Home\",\"item\":\"https:\/\/fanyielectrical.com\/\"},{\"@type\":\"ListItem\",\"position\":2,\"name\":\"Custom Service\"}]},{\"@type\":\"WebSite\",\"@id\":\"https:\/\/fanyielectrical.com\/pt\/#website\",\"url\":\"https:\/\/fanyielectrical.com\/pt\/\",\"name\":\"Yueqing Fanyi Electrical Appliance Co., Ltd.\",\"description\":\"Yueqing Fanyi Electrical Appliance Co., Ltd.\",\"potentialAction\":[{\"@type\":\"SearchAction\",\"target\":{\"@type\":\"EntryPoint\",\"urlTemplate\":\"https:\/\/fanyielectrical.com\/pt\/?s={search_term_string}\"},\"query-input\":{\"@type\":\"PropertyValueSpecification\",\"valueRequired\":true,\"valueName\":\"search_term_string\"}}],\"inLanguage\":\"pt-PT\"}]}<\/script>\n<!-- \/ Yoast SEO plugin. -->","yoast_head_json":{"title":"Servi\u00e7o personalizado - Yueqing Fanyi Electrical Appliance Co., Ltd.","robots":{"index":"index","follow":"follow","max-snippet":"max-snippet:-1","max-image-preview":"max-image-preview:large","max-video-preview":"max-video-preview:-1"},"canonical":"https:\/\/fanyielectrical.com\/pt\/servico-2\/","og_locale":"pt_PT","og_type":"article","og_title":"Custom Service - Yueqing Fanyi Electrical Appliance Co., Ltd.","og_url":"https:\/\/fanyielectrical.com\/pt\/servico-2\/","og_site_name":"Yueqing Fanyi Electrical Appliance Co., Ltd.","article_modified_time":"2025-03-19T09:00:41+00:00","twitter_card":"summary_large_image","twitter_misc":{"Tempo estimado de leitura":"3 minutos"},"schema":{"@context":"https:\/\/schema.org","@graph":[{"@type":"WebPage","@id":"https:\/\/fanyielectrical.com\/pt\/servico-2\/","url":"https:\/\/fanyielectrical.com\/pt\/servico-2\/","name":"Servi\u00e7o personalizado - Yueqing Fanyi Electrical Appliance Co., Ltd.","isPartOf":{"@id":"https:\/\/fanyielectrical.com\/pt\/#website"},"datePublished":"2023-11-24T01:41:17+00:00","dateModified":"2025-03-19T09:00:41+00:00","breadcrumb":{"@id":"https:\/\/fanyielectrical.com\/pt\/servico-2\/#breadcrumb"},"inLanguage":"pt-PT","potentialAction":[{"@type":"ReadAction","target":["https:\/\/fanyielectrical.com\/pt\/servico-2\/"]}]},{"@type":"BreadcrumbList","@id":"https:\/\/fanyielectrical.com\/pt\/servico-2\/#breadcrumb","itemListElement":[{"@type":"ListItem","position":1,"name":"Home","item":"https:\/\/fanyielectrical.com\/"},{"@type":"ListItem","position":2,"name":"Custom Service"}]},{"@type":"WebSite","@id":"https:\/\/fanyielectrical.com\/pt\/#website","url":"https:\/\/fanyielectrical.com\/pt\/","name":"Yueqing Fanyi Electrical Appliance Co., Ltd.","description":"Yueqing Fanyi Electrical Appliance Co., Ltd.","potentialAction":[{"@type":"SearchAction","target":{"@type":"EntryPoint","urlTemplate":"https:\/\/fanyielectrical.com\/pt\/?s={search_term_string}"},"query-input":{"@type":"PropertyValueSpecification","valueRequired":true,"valueName":"search_term_string"}}],"inLanguage":"pt-PT"}]}},"_links":{"self":[{"href":"https:\/\/fanyielectrical.com\/pt\/wp-json\/wp\/v2\/pages\/18224","targetHints":{"allow":["GET"]}}],"collection":[{"href":"https:\/\/fanyielectrical.com\/pt\/wp-json\/wp\/v2\/pages"}],"about":[{"href":"https:\/\/fanyielectrical.com\/pt\/wp-json\/wp\/v2\/types\/page"}],"author":[{"embeddable":true,"href":"https:\/\/fanyielectrical.com\/pt\/wp-json\/wp\/v2\/users\/11"}],"replies":[{"embeddable":true,"href":"https:\/\/fanyielectrical.com\/pt\/wp-json\/wp\/v2\/comments?post=18224"}],"version-history":[{"count":19,"href":"https:\/\/fanyielectrical.com\/pt\/wp-json\/wp\/v2\/pages\/18224\/revisions"}],"predecessor-version":[{"id":22209,"href":"https:\/\/fanyielectrical.com\/pt\/wp-json\/wp\/v2\/pages\/18224\/revisions\/22209"}],"wp:attachment":[{"href":"https:\/\/fanyielectrical.com\/pt\/wp-json\/wp\/v2\/media?parent=18224"}],"curies":[{"name":"wp","href":"https:\/\/api.w.org\/{rel}","templated":true}]}}